{"id":15424,"date":"2019-01-18T14:33:57","date_gmt":"2019-01-18T13:33:57","guid":{"rendered":"https:\/\/www.csdesign.fr\/wordpress\/?page_id=15424"},"modified":"2019-01-31T14:50:38","modified_gmt":"2019-01-31T13:50:38","slug":"competences","status":"publish","type":"page","link":"https:\/\/www.csdesign.fr\/wordpress\/competences\/","title":{"rendered":"Les m\u00e9tiers de l&rsquo;agence"},"content":{"rendered":"<div class=\"wpb-content-wrapper\"><p>[vc_row][vc_column width=\u00a0\u00bb1\/3&Prime;][vc_column_text css_animation=\u00a0\u00bbleft-to-right\u00a0\u00bb el_class=\u00a0\u00bbchapeau\u00a0\u00bb]L\u2019agence CS DESIGN regroupe les comp\u00e9tences de conception et de suivi pour la prise en charge globale de votre projets mus\u00e9ographiques ou d\u2019am\u00e9nagement d\u2019espace, de la conception au suivi de chantier en passant par la signal\u00e9tique.<\/p>\n<p>Elle travaille avec un r\u00e9seau de collaborateurs en mus\u00e9ographie, architecture, graphisme et multim\u00e9dia afin de r\u00e9pondre \u00e0 toutes les facettes de votre projet.[\/vc_column_text][\/vc_column][vc_column width=\u00a0\u00bb1\/3&Prime;]<div class=\"iconbox  wpb_content_element iconbox-style-2 icon-color-accent color-dark clearfix\"><div class=\"iconbox-icon\"><i class=\"fa fa-cubes boxicon\" style=\"\"><\/i><\/div><div class=\"iconbox-content\"><h3>Sc\u00e9nographie d\u2019exposition<\/h3><p>Interpr\u00e9ter, traduire dans l\u2019espace et dans la forme un sc\u00e9nario ou un programme mus\u00e9ographique ou un \u00e9v\u00e9nement.<\/p>\n<p style=\"text-align: right;\"><a href=\"https:\/\/www.csdesign.fr\/competences\/scenographie-dexposition-et-amenagement-despace\/\" target=\"_self\" class=\"button color-2 small \" style=\"border-radius: 2px;\">En savoir plus<\/a>\n<\/p><\/div><\/div><div class=\"spacer\" style=\"height: 40px;\"><\/div><div class=\"iconbox  wpb_content_element iconbox-style-2 icon-color-accent color-dark clearfix\"><div class=\"iconbox-icon\"><i class=\"fa fa-paint-brush boxicon\" style=\"\"><\/i><\/div><div class=\"iconbox-content\"><h3>Illustration, mod\u00e9lisation 3D<\/h3><p>Illustrer vos expositions et vos supports p\u00e9dagogiques.<br \/>\nIllustrer et mod\u00e9liser en 3D vos projets d\u2019am\u00e9nagement ou d\u2019exposition.<\/p>\n<p style=\"text-align: right;\"><a href=\"https:\/\/www.csdesign.fr\/competences\/illustration-amenagements-creations-originales-expositions\/\" target=\"_self\" class=\"button color-2 small \" style=\"border-radius: 2px;\">En savoir plus<\/a>\n<\/p><\/div><\/div><div class=\"spacer\" style=\"height: 40px;\"><\/div><div class=\"iconbox  wpb_content_element iconbox-style-2 icon-color-accent color-dark clearfix\"><div class=\"iconbox-icon\"><i class=\"fa fa-object-ungroup boxicon\" style=\"\"><\/i><\/div><div class=\"iconbox-content\"><h3>Design de mobilier et agencement<\/h3><p>Concevoir du mobilier adapt\u00e9 \u00e0 un espace et son exploitation ainsi qu\u2019au public qu\u2019il re\u00e7oit quelle que soit sa sp\u00e9cificit\u00e9.<\/p>\n<p style=\"text-align: right;\"><a href=\"https:\/\/www.csdesign.fr\/design-de-mobilier-pour-rendre-unique-vos-amenagements\/\" target=\"_self\" class=\"button color-2 small \" style=\"border-radius: 2px;\">En savoir plus<\/a>\n<\/p><\/div><\/div><div class=\"spacer\" style=\"height: 40px;\"><\/div><div class=\"iconbox  wpb_content_element iconbox-style-2 icon-color-accent color-dark clearfix\"><div class=\"iconbox-icon\"><i class=\"fa  fa-lightbulb-o boxicon\" style=\"\"><\/i><\/div><div class=\"iconbox-content\"><h3>Etude d\u2019\u00e9clairage<\/h3><p>Concevoir une mise en lumi\u00e8re de vos expositions avec une simulation 3D, dans le respect de la conservation pr\u00e9ventive des collections pr\u00e9sent\u00e9es.<\/p>\n<p style=\"text-align: right;\"><a href=\"https:\/\/www.csdesign.fr\/competences\/etude-declairage\/\" target=\"_self\" class=\"button color-2 small \" style=\"border-radius: 2px;\">En savoir plus<\/a>\n<\/p><\/div><\/div>[\/vc_column][vc_column width=\u00a0\u00bb1\/3&Prime;]<div class=\"iconbox  wpb_content_element iconbox-style-2 icon-color-accent color-dark clearfix\"><div class=\"iconbox-icon\"><i class=\"fa fa-university boxicon\" style=\"\"><\/i><\/div><div class=\"iconbox-content\"><h3>Mus\u00e9ographie<\/h3><p>Vous accompagner dans votre d\u00e9marche projet, pour son cadrage conceptuel et th\u00e9matique, la programmation mus\u00e9ographique et la production de contenu. Vous apporter une expertise en m\u00e9diation.<\/p>\n<p style=\"text-align: right;\"><a href=\"https:\/\/www.csdesign.fr\/competences\/museographie-et-mediation\/\" target=\"_self\" class=\"button color-2 small \" style=\"border-radius: 2px;\">En savoir plus<\/a>\n<\/p><\/div><\/div><div class=\"spacer\" style=\"height: 40px;\"><\/div><div class=\"iconbox  wpb_content_element iconbox-style-2 icon-color-accent color-dark clearfix\"><div class=\"iconbox-icon\"><i class=\"fa  fa-pencil boxicon\" style=\"\"><\/i><\/div><div class=\"iconbox-content\"><h3>Cr\u00e9ation graphique pour exposition et signal\u00e9tique<\/h3><p>Cr\u00e9er l\u2019identit\u00e9 visuelle de votre exposition, lieu ou \u00e9v\u00e9nement en tenant compte du public cibl\u00e9 et de vos besoins en termes de supports de communication.<\/p>\n<p style=\"text-align: right;\"><a href=\"https:\/\/www.csdesign.fr\/competences\/creation-graphique-pour-exposition-et-signaletique\/\" target=\"_self\" class=\"button color-2 small \" style=\"border-radius: 2px;\">En savoir plus<\/a>\n<\/p><\/div><\/div><div class=\"spacer\" style=\"height: 40px;\"><\/div><div class=\"iconbox  wpb_content_element iconbox-style-2 icon-color-accent color-dark clearfix\"><div class=\"iconbox-icon\"><i class=\"fa fa-check-square boxicon\" style=\"\"><\/i><\/div><div class=\"iconbox-content\"><h3>Suivi, pilotage et coordination<\/h3><p>Pilotage des \u00e9quipes, coordination et suivi de chantier pour la bonne mise en \u0153uvre de votre projet dans le respect du planning et du budget.<\/p>\n<p style=\"text-align: right;\"><a href=\"https:\/\/www.csdesign.fr\/competences\/suivi-pilotage-et-coordination\/\" target=\"_self\" class=\"button color-2 small \" style=\"border-radius: 2px;\">En savoir plus<\/a>\n<\/p><\/div><\/div>[\/vc_column][\/vc_row]<\/p>\n<\/div>","protected":false},"excerpt":{"rendered":"<p>[vc_row][vc_column width=\u00a0\u00bb1\/3&Prime;][vc_column_text css_animation=\u00a0\u00bbleft-to-right\u00a0\u00bb el_class=\u00a0\u00bbchapeau\u00a0\u00bb]L\u2019agence CS DESIGN regroupe les comp\u00e9tences de conception et de suivi pour la prise en charge globale de votre projets mus\u00e9ographiques ou d\u2019am\u00e9nagement d\u2019espace, de la conception au suivi de chantier en passant par la signal\u00e9tique. Elle travaille avec un r\u00e9seau de collaborateurs en mus\u00e9ographie, architecture, graphisme et multim\u00e9dia afin de r\u00e9pondre \u00e0 toutes les facettes de votre projet.[\/vc_column_text][\/vc_column][vc_column width=\u00a0\u00bb1\/3&Prime;][\/vc_column][vc_column width=\u00a0\u00bb1\/3&Prime;][\/vc_column][\/vc_row]<\/p>\n","protected":false},"author":2,"featured_media":0,"parent":0,"menu_order":0,"comment_status":"closed","ping_status":"closed","template":"","meta":{"footnotes":""},"class_list":["post-15424","page","type-page","status-publish","hentry"],"_links":{"self":[{"href":"https:\/\/www.csdesign.fr\/wordpress\/wp-json\/wp\/v2\/pages\/15424","targetHints":{"allow":["GET"]}}],"collection":[{"href":"https:\/\/www.csdesign.fr\/wordpress\/wp-json\/wp\/v2\/pages"}],"about":[{"href":"https:\/\/www.csdesign.fr\/wordpress\/wp-json\/wp\/v2\/types\/page"}],"author":[{"embeddable":true,"href":"https:\/\/www.csdesign.fr\/wordpress\/wp-json\/wp\/v2\/users\/2"}],"replies":[{"embeddable":true,"href":"https:\/\/www.csdesign.fr\/wordpress\/wp-json\/wp\/v2\/comments?post=15424"}],"version-history":[{"count":0,"href":"https:\/\/www.csdesign.fr\/wordpress\/wp-json\/wp\/v2\/pages\/15424\/revisions"}],"wp:attachment":[{"href":"https:\/\/www.csdesign.fr\/wordpress\/wp-json\/wp\/v2\/media?parent=15424"}],"curies":[{"name":"wp","href":"https:\/\/api.w.org\/{rel}","templated":true}]}}