{"id":15478,"date":"2019-01-21T15:12:34","date_gmt":"2019-01-21T14:12:34","guid":{"rendered":"https:\/\/www.csdesign.fr\/wordpress\/?page_id=15478"},"modified":"2019-01-21T15:48:53","modified_gmt":"2019-01-21T14:48:53","slug":"nos-clients","status":"publish","type":"page","link":"https:\/\/www.csdesign.fr\/wordpress\/nos-clients\/","title":{"rendered":"Nos clients"},"content":{"rendered":"<div class=\"wpb-content-wrapper\"><p>[vc_row][vc_column width=\u00a0\u00bb1\/3&Prime;][vc_column_text el_class=\u00a0\u00bbchapeau\u00a0\u00bb]Ils nous ont fait confiance.[\/vc_column_text]<div class=\"minti_list wpb_content_element color-accent plus\" style=\"\">\n<ul>\n<li>Les biblioth\u00e8ques de la ville de Toulouse<\/li>\n<li>La ville de Blagnac<\/li>\n<li>La ville de Muret (31)<\/li>\n<li>La ville de Septfonds<\/li>\n<li>La ville de Cauterets<\/li>\n<li>La ville de Py (65)<\/li>\n<li>Le canton de Varilhes<\/li>\n<li>Le parc national du Mercantour<\/li>\n<li>Le parc national des Calanques<\/li>\n<li>La communaut\u00e9 de commune de Decazeville<\/li>\n<li>La communaut\u00e9 de communes Pays de F\u00e9nelon<\/li>\n<li>L\u2019atelier Doisneau, Paris<\/li>\n<li>Le mus\u00e9e Champollion et les \u00e9critures du monde, Figeac<\/li>\n<li>La communaut\u00e9 d\u2019Agglom\u00e9ration H\u00e9rault-M\u00e9diterran\u00e9e<\/li>\n<li>Les offices de tourisme\u00a0Grand Tourmalet &#8211; Pic du Midi<\/li>\n<li>\u2026<\/li>\n<\/ul>\n<\/div>[\/vc_column][vc_column width=\u00a0\u00bb2\/3&Prime;][vc_row_inner][vc_column_inner width=\u00a0\u00bb1\/3&Prime;][vc_column_text]<a href=\"https:\/\/www.laregion.fr\" target=\"_blank\" rel=\"noopener\"><img loading=\"lazy\" decoding=\"async\" class=\"alignnone size-medium wp-image-15479\" src=\"https:\/\/www.csdesign.fr\/wordpress\/wp-content\/uploads\/2019\/01\/occitanie-300x300.jpg\" alt=\"\" width=\"300\" height=\"300\" \/><\/a>[\/vc_column_text][vc_column_text]<a href=\"http:\/\/www.mairie-albi.fr\/\" target=\"_blank\" rel=\"noopener\"><img loading=\"lazy\" decoding=\"async\" class=\"alignnone size-medium wp-image-15492\" src=\"https:\/\/www.csdesign.fr\/wordpress\/wp-content\/uploads\/2019\/01\/albi-1-300x231.jpg\" alt=\"\" width=\"300\" height=\"231\" srcset=\"https:\/\/www.csdesign.fr\/wordpress\/wp-content\/uploads\/2019\/01\/albi-1-300x231.jpg 300w, https:\/\/www.csdesign.fr\/wordpress\/wp-content\/uploads\/2019\/01\/albi-1.jpg 600w\" sizes=\"auto, (max-width: 300px) 100vw, 300px\" \/><\/a>[\/vc_column_text][\/vc_column_inner][vc_column_inner width=\u00a0\u00bb1\/3&Prime;][vc_column_text]<a href=\"https:\/\/www.marseille.fr\" target=\"_blank\" rel=\"noopener\"><img loading=\"lazy\" decoding=\"async\" class=\"alignnone size-medium wp-image-15489\" src=\"https:\/\/www.csdesign.fr\/wordpress\/wp-content\/uploads\/2019\/01\/marseille-300x300.jpg\" alt=\"\" width=\"300\" height=\"300\" srcset=\"https:\/\/www.csdesign.fr\/wordpress\/wp-content\/uploads\/2019\/01\/marseille-300x300.jpg 300w, https:\/\/www.csdesign.fr\/wordpress\/wp-content\/uploads\/2019\/01\/marseille-150x150.jpg 150w, https:\/\/www.csdesign.fr\/wordpress\/wp-content\/uploads\/2019\/01\/marseille-768x768.jpg 768w, https:\/\/www.csdesign.fr\/wordpress\/wp-content\/uploads\/2019\/01\/marseille-80x80.jpg 80w, https:\/\/www.csdesign.fr\/wordpress\/wp-content\/uploads\/2019\/01\/marseille-500x500.jpg 500w, https:\/\/www.csdesign.fr\/wordpress\/wp-content\/uploads\/2019\/01\/marseille.jpg 900w\" sizes=\"auto, (max-width: 300px) 100vw, 300px\" \/><\/a>[\/vc_column_text][vc_column_text]<a href=\"http:\/\/www.legrandnarbonne.com\/\" target=\"_blank\" rel=\"noopener\"><img loading=\"lazy\" decoding=\"async\" class=\"alignnone size-medium wp-image-15493\" src=\"https:\/\/www.csdesign.fr\/wordpress\/wp-content\/uploads\/2019\/01\/grand-narbonne-289x300.jpg\" alt=\"\" width=\"289\" height=\"300\" srcset=\"https:\/\/www.csdesign.fr\/wordpress\/wp-content\/uploads\/2019\/01\/grand-narbonne-289x300.jpg 289w, https:\/\/www.csdesign.fr\/wordpress\/wp-content\/uploads\/2019\/01\/grand-narbonne.jpg 600w\" sizes=\"auto, (max-width: 289px) 100vw, 289px\" \/><\/a>[\/vc_column_text][\/vc_column_inner][vc_column_inner width=\u00a0\u00bb1\/3&Prime;][vc_column_text]<a href=\"https:\/\/www.haute-garonne.fr\/\" target=\"_blank\" rel=\"noopener\"><img loading=\"lazy\" decoding=\"async\" class=\"alignnone size-medium wp-image-15494\" src=\"https:\/\/www.csdesign.fr\/wordpress\/wp-content\/uploads\/2019\/01\/haute-garonne-237x300.jpg\" alt=\"\" width=\"237\" height=\"300\" srcset=\"https:\/\/www.csdesign.fr\/wordpress\/wp-content\/uploads\/2019\/01\/haute-garonne-237x300.jpg 237w, https:\/\/www.csdesign.fr\/wordpress\/wp-content\/uploads\/2019\/01\/haute-garonne.jpg 400w\" sizes=\"auto, (max-width: 237px) 100vw, 237px\" \/><\/a>[\/vc_column_text][vc_column_text]<a href=\"http:\/\/www.ariege.fr\/\" target=\"_blank\" rel=\"noopener\"><img loading=\"lazy\" decoding=\"async\" class=\"alignnone size-medium wp-image-15480\" src=\"https:\/\/www.csdesign.fr\/wordpress\/wp-content\/uploads\/2019\/01\/Logo-Ariege-Le-Departement-300x212.jpg\" alt=\"\" width=\"300\" height=\"212\" srcset=\"https:\/\/www.csdesign.fr\/wordpress\/wp-content\/uploads\/2019\/01\/Logo-Ariege-Le-Departement-300x212.jpg 300w, https:\/\/www.csdesign.fr\/wordpress\/wp-content\/uploads\/2019\/01\/Logo-Ariege-Le-Departement-768x543.jpg 768w, https:\/\/www.csdesign.fr\/wordpress\/wp-content\/uploads\/2019\/01\/Logo-Ariege-Le-Departement-1024x724.jpg 1024w, https:\/\/www.csdesign.fr\/wordpress\/wp-content\/uploads\/2019\/01\/Logo-Ariege-Le-Departement.jpg 1800w\" sizes=\"auto, (max-width: 300px) 100vw, 300px\" \/><\/a>[\/vc_column_text][\/vc_column_inner][\/vc_row_inner][\/vc_column][\/vc_row]<\/p>\n<\/div>","protected":false},"excerpt":{"rendered":"<p>[vc_row][vc_column width=\u00a0\u00bb1\/3&Prime;][vc_column_text el_class=\u00a0\u00bbchapeau\u00a0\u00bb]Ils nous ont fait confiance.[\/vc_column_text][\/vc_column][vc_column width=\u00a0\u00bb2\/3&Prime;][vc_row_inner][vc_column_inner width=\u00a0\u00bb1\/3&Prime;][vc_column_text][\/vc_column_text][vc_column_text][\/vc_column_text][\/vc_column_inner][vc_column_inner width=\u00a0\u00bb1\/3&Prime;][vc_column_text][\/vc_column_text][vc_column_text][\/vc_column_text][\/vc_column_inner][vc_column_inner width=\u00a0\u00bb1\/3&Prime;][vc_column_text][\/vc_column_text][vc_column_text][\/vc_column_text][\/vc_column_inner][\/vc_row_inner][\/vc_column][\/vc_row]<\/p>\n","protected":false},"author":2,"featured_media":0,"parent":0,"menu_order":0,"comment_status":"closed","ping_status":"closed","template":"","meta":{"footnotes":""},"class_list":["post-15478","page","type-page","status-publish","hentry"],"_links":{"self":[{"href":"https:\/\/www.csdesign.fr\/wordpress\/wp-json\/wp\/v2\/pages\/15478","targetHints":{"allow":["GET"]}}],"collection":[{"href":"https:\/\/www.csdesign.fr\/wordpress\/wp-json\/wp\/v2\/pages"}],"about":[{"href":"https:\/\/www.csdesign.fr\/wordpress\/wp-json\/wp\/v2\/types\/page"}],"author":[{"embeddable":true,"href":"https:\/\/www.csdesign.fr\/wordpress\/wp-json\/wp\/v2\/users\/2"}],"replies":[{"embeddable":true,"href":"https:\/\/www.csdesign.fr\/wordpress\/wp-json\/wp\/v2\/comments?post=15478"}],"version-history":[{"count":0,"href":"https:\/\/www.csdesign.fr\/wordpress\/wp-json\/wp\/v2\/pages\/15478\/revisions"}],"wp:attachment":[{"href":"https:\/\/www.csdesign.fr\/wordpress\/wp-json\/wp\/v2\/media?parent=15478"}],"curies":[{"name":"wp","href":"https:\/\/api.w.org\/{rel}","templated":true}]}}