{"id":15600,"date":"2019-01-29T17:37:45","date_gmt":"2019-01-29T16:37:45","guid":{"rendered":"https:\/\/www.csdesign.fr\/wordpress\/?page_id=15600"},"modified":"2019-01-31T14:20:22","modified_gmt":"2019-01-31T13:20:22","slug":"design-de-mobilier-pour-rendre-unique-vos-amenagements","status":"publish","type":"page","link":"https:\/\/www.csdesign.fr\/wordpress\/competences\/design-de-mobilier-pour-rendre-unique-vos-amenagements\/","title":{"rendered":"Design de mobilier pour rendre unique vos am\u00e9nagements"},"content":{"rendered":"<div class=\"wpb-content-wrapper\"><p>[vc_row bg_image=\u00a0\u00bb15602&Prime; parallax_bg=\u00a0\u00bbtrue\u00a0\u00bb bg_color=\u00a0\u00bb#e61a4a\u00a0\u00bb section_arrow=\u00a0\u00bbfalse\u00a0\u00bb text_color=\u00a0\u00bblight\u00a0\u00bb top_padding=\u00a0\u00bb100&Prime; bottom_padding=\u00a0\u00bb100&Prime;][vc_column width=\u00a0\u00bb1\/1&Prime;]<h1 class=\"headline font-inherit fontsize-xxl fontweight-inherit lh-12 align-center transform-uppercase \" style=\"margin: 0 0 20px 0;\"><strong>Design de mobilier<\/strong><br \/>\npour rendre uniques vos am\u00e9nagements<\/h1>[\/vc_column][\/vc_row][vc_row top_padding=\u00a0\u00bb50&Prime; bottom_padding=\u00a0\u00bb50&Prime;][vc_column width=\u00a0\u00bb1\/3&Prime;][vc_column_text]Rendre un espace accueillant et fonctionnel passe par un am\u00e9nagement de l\u2019espace adapt\u00e9 son exploitation ainsi qu\u2019au public qu\u2019il re\u00e7oit quelle que soit sa sp\u00e9cificit\u00e9.<\/p>\n<p>CS Design con\u00e7oit du mobilier selon votre cahier des charges et vous propose une ligne design en ad\u00e9quation avec votre image.[\/vc_column_text][\/vc_column][vc_column width=\u00a0\u00bb1\/3&Prime;][vc_column_text]CS DESIGN est \u00e9galement averti aux enjeux de l&rsquo;accessibilit\u00e9 et des situations de handicap pour les prendre en compte dans sa conception.<\/p>\n<p>L\u2019agence a notamment pu livrer plusieurs \u00e9quipements recevant le label Tourisme et Handicap.[\/vc_column_text][\/vc_column][vc_column width=\u00a0\u00bb1\/3&Prime;]<div class=\"single_image wpb_content_element align-left    \" data-animation=\"none\" data-delay=\"0\"><a href=\"https:\/\/www.csdesign.fr\/wordpress\/wp-content\/uploads\/2019\/01\/mobilier-3.png\" class=\"prettyPhoto\" rel=\"prettyPhoto[image]\"><img loading=\"lazy\" decoding=\"async\" width=\"1200\" height=\"1094\" src=\"https:\/\/www.csdesign.fr\/wordpress\/wp-content\/uploads\/2019\/01\/mobilier-3.png\" class=\"attachment-full\" alt=\"\" title=\"mobilier-3\" srcset=\"https:\/\/www.csdesign.fr\/wordpress\/wp-content\/uploads\/2019\/01\/mobilier-3.png 1200w, https:\/\/www.csdesign.fr\/wordpress\/wp-content\/uploads\/2019\/01\/mobilier-3-300x274.png 300w, https:\/\/www.csdesign.fr\/wordpress\/wp-content\/uploads\/2019\/01\/mobilier-3-768x700.png 768w, https:\/\/www.csdesign.fr\/wordpress\/wp-content\/uploads\/2019\/01\/mobilier-3-1024x934.png 1024w\" sizes=\"auto, (max-width: 1200px) 100vw, 1200px\" \/><\/a><\/div>[\/vc_column][\/vc_row][vc_row bg_image=\u00a0\u00bb15605&Prime; parallax_bg=\u00a0\u00bbtrue\u00a0\u00bb bg_color=\u00a0\u00bb#262626&Prime; section_arrow=\u00a0\u00bbfalse\u00a0\u00bb text_color=\u00a0\u00bblight\u00a0\u00bb text_align=\u00a0\u00bbcenter\u00a0\u00bb top_padding=\u00a0\u00bb100&Prime; bottom_padding=\u00a0\u00bb100&Prime;][vc_column width=\u00a0\u00bb1\/1&Prime;][vc_column_text el_class=\u00a0\u00bbquote-home\u00a0\u00bb]<i class=\"fa fa-quote-left\" aria-hidden=\"true\"><\/i> L\u2019accessibilit\u00e9 \u00e0 tous dans le sens du confort pour tous\u00a0![\/vc_column_text][\/vc_column][\/vc_row][vc_row type=\u00a0\u00bbfull_width_section\u00a0\u00bb text_align=\u00a0\u00bbcenter\u00a0\u00bb top_padding=\u00a0\u00bb50&Prime; bottom_padding=\u00a0\u00bb50&Prime; bg_position=\u00a0\u00bbcenter top\u00a0\u00bb][vc_column width=\u00a0\u00bb1\/1&Prime;]<h2 class=\"headline font-special fontsize-xxl fontweight-700 lh-inherit align-center transform-uppercase \" style=\"margin: 0 0 60px 0;\">Nos r\u00e9f\u00e9rences \u00ab\u00a0Design de mobilier\u00a0\u00bb<\/h2>\n\t\t<div class=\"portfolio-element\">\n\n\t\t\n\t\t\n\t\t\t\t\t<div id=\"676524469\" class=\"portfolio-items portfolio-nomargin portfolio-overlay-effect clearfix\" data-id=\"676524469\">  \n\t\t\t\t\t\t\n\t\t\t\t\t\t\t\n\t\t\t\t\t\t\t\n\t\t\t\t\t\t\n\t\t\t\t\t\t\t\t\t\t\t\t\t\t\t\t\n\t\t\t\t\t\t\t\t   \n\n\t\t\t\t\t\t\t\t<div class=\"term-centre-dinterpretation term-design-mobilier term-mobilier term-musee-exposition term-scenographie portfolio-item nomargin\">\n\t\t\t\t\t\t\t\t\t<div class=\"portfolio-image\"><a href=\"https:\/\/www.csdesign.fr\/wordpress\/references\/abbaye-de-beaulieu-en-rouergue\/\" title=\"Abbaye de Beaulieu-en-Rouergue\"><div class=\"portfolio-image-img\"><img decoding=\"async\" src=\"https:\/\/www.csdesign.fr\/wordpress\/wp-content\/uploads\/2022\/11\/Abbaye-Beaulieu-CMN-02-600x400.jpg\" alt=\"Abbaye de Beaulieu-en-Rouergue\" \/><\/div><div class=\"portfolio-overlay overlay-effect\"><span>Abbaye de Beaulieu-en-Rouergue<\/span><\/div><\/a><\/div>\n\t\t\t\t\t\t\t\t<\/div>\n\n\t\t\t\t\t\t\t\t\t\t\t\t  \n\t\t\t\t\t\t\n\t\t\t\t\t\t\t\n\t\t\t\t\t\t\t\n\t\t\t\t\t\t\n\t\t\t\t\t\t\t\t\t\t\t\t\t\t\t\t\n\t\t\t\t\t\t\t\t   \n\n\t\t\t\t\t\t\t\t<div class=\"term-design-mobilier term-mobilier term-musee-exposition term-museographie term-scenographie portfolio-item nomargin\">\n\t\t\t\t\t\t\t\t\t<div class=\"portfolio-image\"><a href=\"https:\/\/www.csdesign.fr\/wordpress\/references\/maison-garonne-a-boe\/\" title=\"Maison Garonne \u00e0 Bo\u00e9\"><div class=\"portfolio-image-img\"><img decoding=\"async\" src=\"https:\/\/www.csdesign.fr\/wordpress\/wp-content\/uploads\/2020\/10\/etude-museographique-scenographique-Lot-et-Garonne-Boe-portada-600x400.jpg\" alt=\"Maison Garonne \u00e0 Bo\u00e9\" \/><\/div><div class=\"portfolio-overlay overlay-effect\"><span>Maison Garonne \u00e0 Bo\u00e9<\/span><\/div><\/a><\/div>\n\t\t\t\t\t\t\t\t<\/div>\n\n\t\t\t\t\t\t\t\t\t\t\t\t  \n\t\t\t\t\t\t\n\t\t\t\t\t\t\t\n\t\t\t\t\t\t\t\n\t\t\t\t\t\t\n\t\t\t\t\t\t\t\t\t\t\t\t\t\t\t\t\n\t\t\t\t\t\t\t\t   \n\n\t\t\t\t\t\t\t\t<div class=\"term-design-mobilier term-mobilier term-musee-exposition term-museographie term-opc term-scenographie portfolio-item nomargin\">\n\t\t\t\t\t\t\t\t\t<div class=\"portfolio-image\"><a href=\"https:\/\/www.csdesign.fr\/wordpress\/references\/la-maison-de-la-biodiversite-foret-de-buzet\/\" title=\"La maison de la biodiversit\u00e9, for\u00eat de Buzet\"><div class=\"portfolio-image-img\"><img decoding=\"async\" src=\"https:\/\/www.csdesign.fr\/wordpress\/wp-content\/uploads\/2020\/04\/exposition-scientifique-exterieur-scenographie-ludique-France-CSDesign-600x400.jpg\" alt=\"La maison de la biodiversit\u00e9, for\u00eat de Buzet\" \/><\/div><div class=\"portfolio-overlay overlay-effect\"><span>La maison de la biodiversit\u00e9, for\u00eat de Buzet<\/span><\/div><\/a><\/div>\n\t\t\t\t\t\t\t\t<\/div>\n\n\t\t\t\t\t\t\t\t\t\t\t\t  \n\t\t\t\t\t\t\n\t\t\t\t\t\t\t\n\t\t\t\t\t\t\t\n\t\t\t\t\t\t\n\t\t\t\t\t\t\t\t\t\t\t\t\t\t\t\t\n\t\t\t\t\t\t\t\t   \n\n\t\t\t\t\t\t\t\t<div class=\"term-centre-dinterpretation term-graphisme term-mobilier term-museographie term-opc term-scenographie term-site-tourisme portfolio-item nomargin\">\n\t\t\t\t\t\t\t\t\t<div class=\"portfolio-image\"><a href=\"https:\/\/www.csdesign.fr\/wordpress\/references\/la-gare-robert-doisneau\/\" title=\"La Gare Robert Doisneau\"><div class=\"portfolio-image-img\"><img decoding=\"async\" src=\"https:\/\/www.csdesign.fr\/wordpress\/wp-content\/uploads\/2019\/01\/photo-phare-Gare-DOISNEAU-600x400.jpg\" alt=\"La Gare Robert Doisneau\" \/><\/div><div class=\"portfolio-overlay overlay-effect\"><span>La Gare Robert Doisneau<\/span><\/div><\/a><\/div>\n\t\t\t\t\t\t\t\t<\/div>\n\n\t\t\t\t\t\t\t\t\t\t\t\t  \n\t\t\t\t\t\t\t\t\t\t\t<\/div>\n\n\t\t\n\t\t<\/div>\n\t\t\t\n\t\t\t\t\n\t\t<div class=\"spacer\" style=\"height: 30px;\"><\/div><a href=\"https:\/\/www.csdesign.fr\/projets\/\" target=\"_self\" class=\"button color-3 medium \" style=\"border-radius: 2px;\">Voir tous les projets<\/a>[\/vc_column][\/vc_row]<\/p>\n<\/div>","protected":false},"excerpt":{"rendered":"<p>[vc_row bg_image=\u00a0\u00bb15602&Prime; parallax_bg=\u00a0\u00bbtrue\u00a0\u00bb bg_color=\u00a0\u00bb#e61a4a\u00a0\u00bb section_arrow=\u00a0\u00bbfalse\u00a0\u00bb text_color=\u00a0\u00bblight\u00a0\u00bb top_padding=\u00a0\u00bb100&Prime; bottom_padding=\u00a0\u00bb100&Prime;][vc_column width=\u00a0\u00bb1\/1&Prime;][\/vc_column][\/vc_row][vc_row top_padding=\u00a0\u00bb50&Prime; bottom_padding=\u00a0\u00bb50&Prime;][vc_column width=\u00a0\u00bb1\/3&Prime;][vc_column_text]Rendre un espace accueillant et fonctionnel passe par un am\u00e9nagement de l\u2019espace adapt\u00e9 son exploitation ainsi qu\u2019au public qu\u2019il re\u00e7oit quelle que soit sa sp\u00e9cificit\u00e9. CS Design con\u00e7oit du mobilier selon votre cahier des charges et vous propose une ligne design en ad\u00e9quation avec votre image.[\/vc_column_text][\/vc_column][vc_column width=\u00a0\u00bb1\/3&Prime;][vc_column_text]CS DESIGN est \u00e9galement averti aux enjeux de l&rsquo;accessibilit\u00e9 et des situations de handicap pour les prendre en compte dans sa conception. L\u2019agence a notamment pu livrer plusieurs \u00e9quipements recevant le label Tourisme et Handicap.[\/vc_column_text][\/vc_column][vc_column width=\u00a0\u00bb1\/3&Prime;][\/vc_column][\/vc_row][vc_row bg_image=\u00a0\u00bb15605&Prime; parallax_bg=\u00a0\u00bbtrue\u00a0\u00bb bg_color=\u00a0\u00bb#262626&Prime; section_arrow=\u00a0\u00bbfalse\u00a0\u00bb text_color=\u00a0\u00bblight\u00a0\u00bb text_align=\u00a0\u00bbcenter\u00a0\u00bb top_padding=\u00a0\u00bb100&Prime; bottom_padding=\u00a0\u00bb100&Prime;][vc_column width=\u00a0\u00bb1\/1&Prime;][vc_column_text el_class=\u00a0\u00bbquote-home\u00a0\u00bb] L\u2019accessibilit\u00e9 \u00e0 tous dans le sens du confort pour tous\u00a0![\/vc_column_text][\/vc_column][\/vc_row][vc_row type=\u00a0\u00bbfull_width_section\u00a0\u00bb text_align=\u00a0\u00bbcenter\u00a0\u00bb top_padding=\u00a0\u00bb50&Prime; bottom_padding=\u00a0\u00bb50&Prime; bg_position=\u00a0\u00bbcenter top\u00a0\u00bb][vc_column width=\u00a0\u00bb1\/1&Prime;][\/vc_column][\/vc_row]<\/p>\n","protected":false},"author":2,"featured_media":0,"parent":15424,"menu_order":0,"comment_status":"closed","ping_status":"closed","template":"","meta":{"footnotes":""},"class_list":["post-15600","page","type-page","status-publish","hentry"],"_links":{"self":[{"href":"https:\/\/www.csdesign.fr\/wordpress\/wp-json\/wp\/v2\/pages\/15600","targetHints":{"allow":["GET"]}}],"collection":[{"href":"https:\/\/www.csdesign.fr\/wordpress\/wp-json\/wp\/v2\/pages"}],"about":[{"href":"https:\/\/www.csdesign.fr\/wordpress\/wp-json\/wp\/v2\/types\/page"}],"author":[{"embeddable":true,"href":"https:\/\/www.csdesign.fr\/wordpress\/wp-json\/wp\/v2\/users\/2"}],"replies":[{"embeddable":true,"href":"https:\/\/www.csdesign.fr\/wordpress\/wp-json\/wp\/v2\/comments?post=15600"}],"version-history":[{"count":0,"href":"https:\/\/www.csdesign.fr\/wordpress\/wp-json\/wp\/v2\/pages\/15600\/revisions"}],"up":[{"embeddable":true,"href":"https:\/\/www.csdesign.fr\/wordpress\/wp-json\/wp\/v2\/pages\/15424"}],"wp:attachment":[{"href":"https:\/\/www.csdesign.fr\/wordpress\/wp-json\/wp\/v2\/media?parent=15600"}],"curies":[{"name":"wp","href":"https:\/\/api.w.org\/{rel}","templated":true}]}}