{"id":3,"date":"2018-07-17T17:13:04","date_gmt":"2018-07-17T15:13:04","guid":{"rendered":"https:\/\/www.csdesign.fr\/wordpress\/?page_id=3"},"modified":"2019-01-31T14:22:46","modified_gmt":"2019-01-31T13:22:46","slug":"politique-de-confidentialite","status":"publish","type":"page","link":"https:\/\/www.csdesign.fr\/wordpress\/politique-de-confidentialite\/","title":{"rendered":"Politique de confidentialit\u00e9"},"content":{"rendered":"<h2>Qui sommes-nous\u00a0?<\/h2>\n<p>CS Design SARL<\/p>\n<p>L\u2019adresse du site web est\u00a0<a href=\"https:\/\/www.csdesign.fr\/\">https:\/\/www.csdesign.fr<\/a><\/p>\n<h2>Utilisation des donn\u00e9es personnelles collect\u00e9es<\/h2>\n<p>Dans certains cas, ce site web collecte des donn\u00e9es personnelles.<\/p>\n<h3>EN CAS DE CONTACT VIA LE FORMULAIRE<\/h3>\n<p>Nous collectons les noms, pr\u00e9noms et adresse courriel des personnes qui nous contactent.<br \/>\nCes donn\u00e9es sont n\u00e9cessaires afin de traiter leurs demandes.<\/p>\n<h3>COOKIES<\/h3>\n<p>Si vous avez un compte et que vous vous connectez sur ce site, un cookie temporaire sera cr\u00e9\u00e9 afin de d\u00e9terminer si votre navigateur accepte les cookies. Il ne contient pas de donn\u00e9es personnelles et sera supprim\u00e9 automatiquement \u00e0 la fermeture de votre navigateur.<\/p>\n<p>Lorsque vous vous connecterez, nous mettrons en place un certain nombre de cookies pour enregistrer vos informations de connexion et vos pr\u00e9f\u00e9rences d\u2019\u00e9cran. La dur\u00e9e de vie d\u2019un cookie de connexion est de deux jours, celle d\u2019un cookie d\u2019option d\u2019\u00e9cran est d\u2019un an. Si vous cochez \u00ab\u00a0Se souvenir de moi\u00a0\u00bb, votre cookie de connexion sera conserv\u00e9 pendant deux semaines. Si vous vous d\u00e9connectez de votre compte, le cookie de connexion sera effac\u00e9.<\/p>\n<h3>STATISTIQUES ET MESURES D\u2019AUDIENCE<\/h3>\n<p>Le site utilise le service Google Analytics afin de mesurer l\u2019audience du site. Ce service cr\u00e9\u00e9 un cookie.<br \/>\nVous pouvez vous opposer au d\u00e9p\u00f4t de ce cookie sur votre ordinateur en\u00a0g\u00e9rant vos pr\u00e9f\u00e9rences de confidentialit\u00e9.<\/p>\n<p>Les donn\u00e9es collect\u00e9es peuvent-\u00eatre utilis\u00e9es \u00e0 des fins statistiques.<\/p>\n<h2>Dur\u00e9es de stockage de vos donn\u00e9es<\/h2>\n<p>La conservation des donn\u00e9es r\u00e9colt\u00e9es est limit\u00e9e \u00e0 30 mois.<\/p>\n<h2>Les droits que vous avez sur vos donn\u00e9es<\/h2>\n<p>Si vous avez un compte ou si vous avez laiss\u00e9 un message sur le site, vous pouvez demander \u00e0 recevoir un fichier contenant toutes les donn\u00e9es personnelles que nous poss\u00e9dons \u00e0 votre sujet, incluant celles que vous nous avez fournies. Vous pouvez \u00e9galement demander la suppression des donn\u00e9es personnelles vous concernant. Cela ne prend pas en compte les donn\u00e9es stock\u00e9es \u00e0 des fins administratives, l\u00e9gales ou pour des raisons de s\u00e9curit\u00e9. Vous pouvez exercer ce droit par mail aupr\u00e8s du D\u00e9l\u00e9gu\u00e9 \u00e0 la Protection des Donn\u00e9es : <a href=\"mailto:cl.simonet@csdesign.fr\">cl.simonet@csdesign.fr<\/a>.<\/p>\n<h2>Informations de contact<\/h2>\n<p>Pour toute question, remarque ou pour faire valoir vos droits concernant le traitement de vos donn\u00e9es, vous pouvez contacter le D\u00e9l\u00e9gu\u00e9 \u00e0 la Protection des Donn\u00e9es :<a href=\"mailto:cl.simonet@csdesign.fr\">cl.simonet@csdesign.fr<\/a>.<\/p>\n","protected":false},"excerpt":{"rendered":"<p>Qui sommes-nous\u00a0? CS Design SARL L\u2019adresse du site web est\u00a0https:\/\/www.csdesign.fr Utilisation des donn\u00e9es personnelles collect\u00e9es Dans certains cas, ce site web collecte des donn\u00e9es personnelles. EN CAS DE CONTACT VIA LE FORMULAIRE Nous collectons les noms, pr\u00e9noms et adresse courriel des personnes qui nous contactent. Ces donn\u00e9es sont n\u00e9cessaires afin de traiter leurs demandes. COOKIES Si vous avez un compte et que vous vous connectez sur ce site, un cookie temporaire sera cr\u00e9\u00e9 afin de d\u00e9terminer si votre navigateur accepte les cookies. Il ne contient pas de donn\u00e9es personnelles et sera supprim\u00e9 automatiquement \u00e0 la fermeture de votre navigateur. Lorsque vous vous connecterez, nous mettrons en place un certain nombre de cookies pour enregistrer vos informations de connexion et vos pr\u00e9f\u00e9rences d\u2019\u00e9cran. La dur\u00e9e de vie d\u2019un cookie de connexion est de deux jours, celle d\u2019un cookie d\u2019option d\u2019\u00e9cran est d\u2019un an. Si vous cochez \u00ab\u00a0Se souvenir de moi\u00a0\u00bb, votre cookie de connexion sera conserv\u00e9 pendant deux semaines. Si vous vous d\u00e9connectez de votre compte, le cookie de connexion sera effac\u00e9. STATISTIQUES ET MESURES D\u2019AUDIENCE Le site utilise le service Google Analytics afin de mesurer l\u2019audience du site. Ce service cr\u00e9\u00e9 un cookie. Vous pouvez vous opposer au d\u00e9p\u00f4t de [&hellip;]<\/p>\n","protected":false},"author":2,"featured_media":0,"parent":0,"menu_order":0,"comment_status":"closed","ping_status":"open","template":"","meta":{"footnotes":""},"class_list":["post-3","page","type-page","status-publish","hentry"],"_links":{"self":[{"href":"https:\/\/www.csdesign.fr\/wordpress\/wp-json\/wp\/v2\/pages\/3","targetHints":{"allow":["GET"]}}],"collection":[{"href":"https:\/\/www.csdesign.fr\/wordpress\/wp-json\/wp\/v2\/pages"}],"about":[{"href":"https:\/\/www.csdesign.fr\/wordpress\/wp-json\/wp\/v2\/types\/page"}],"author":[{"embeddable":true,"href":"https:\/\/www.csdesign.fr\/wordpress\/wp-json\/wp\/v2\/users\/2"}],"replies":[{"embeddable":true,"href":"https:\/\/www.csdesign.fr\/wordpress\/wp-json\/wp\/v2\/comments?post=3"}],"version-history":[{"count":0,"href":"https:\/\/www.csdesign.fr\/wordpress\/wp-json\/wp\/v2\/pages\/3\/revisions"}],"wp:attachment":[{"href":"https:\/\/www.csdesign.fr\/wordpress\/wp-json\/wp\/v2\/media?parent=3"}],"curies":[{"name":"wp","href":"https:\/\/api.w.org\/{rel}","templated":true}]}}